{"id":14,"date":"2019-04-03T19:35:03","date_gmt":"2019-04-03T19:35:03","guid":{"rendered":"http:\/\/asociacioneducacion.org\/wpress1\/?page_id=14"},"modified":"2019-04-05T13:34:07","modified_gmt":"2019-04-05T18:34:07","slug":"asociacion-educacion","status":"publish","type":"page","link":"https:\/\/asociacioneducacion.org\/wpress1\/quienes-somos\/asociacion-educacion\/","title":{"rendered":"Asociaci\u00f3n Educaci\u00f3n"},"content":{"rendered":"<body><p><\/p>Asociaci\u00f3n Educaci\u00f3n es una entidad sin fines de lucro cuya misi\u00f3n es promover la educaci\u00f3n superior en el Per\u00fa, otorgando apoyo educativo a j\u00f3venes l\u00edderes con valores y comprometidos con su pa\u00eds.\n<div id=\"attachment_106\" style=\"width: 160px\" class=\"wp-caption alignleft\"><img data-recalc-dims=\"1\" decoding=\"async\" aria-describedby=\"caption-attachment-106\" class=\"wp-image-106 size-full\" src=\"https:\/\/i0.wp.com\/asociacioneducacion.org\/wpress1\/wp-content\/uploads\/2019\/04\/Ernst-Keller.jpg?resize=150%2C150\" alt=\"\" width=\"150\" height=\"150\" loading=\"lazy\" srcset=\"https:\/\/i0.wp.com\/asociacioneducacion.org\/wpress1\/wp-content\/uploads\/2019\/04\/Ernst-Keller.jpg?resize=66%2C66&amp;ssl=1 66w, https:\/\/i0.wp.com\/asociacioneducacion.org\/wpress1\/wp-content\/uploads\/2019\/04\/Ernst-Keller.jpg?fit=150%2C150&amp;ssl=1 150w\" sizes=\"auto, (max-width: 150px) 100vw, 150px\" \/><p id=\"caption-attachment-106\" class=\"wp-caption-text\">Ernst Keller, fundador de Asociaci\u00f3n Educaci\u00f3n<\/p><\/div>\n<p>Surge de la iniciativa de Ernst y Liselotte Keller, una pareja de fil\u00e1ntropos suizos que, convencidos de la importancia de la educaci\u00f3n para el progreso socioecon\u00f3mico, deciden brindar a j\u00f3venes con destacada capacidad e integridad, la oportunidad de lograr una educaci\u00f3n de calidad que contribuya al desarrollo de sus pa\u00edses. As\u00ed, en 1994 crean en Suiza la Fundaci\u00f3n Educaci\u00f3n, la misma que empieza su trabajo en Per\u00fa. En 1996 el trabajo en Per\u00fa se consolida gracias al compromiso de aliados locales que llevan adelante la visi\u00f3n de los esposos Keller a trav\u00e9s de Asociaci\u00f3n Educaci\u00f3n. El programa llevado adelante en Per\u00fa se replic\u00f3 en Colombia (Medell\u00edn), El Salvador y Guatemala.<\/p>\n<p>\u00a0<\/p>\n<p>Asociaci\u00f3n Educaci\u00f3n ha crecido gracias al apoyo financiero de Fundaci\u00f3n Educaci\u00f3n desde sus inicios, as\u00ed como por la incorporaci\u00f3n de nuevos aliados como Fondation Eleni y el reembolso de los propios becarios basado en su compromiso de honor con la asociaci\u00f3n y nuevos estudiantes.<\/p>\n<\/body>","protected":false},"excerpt":{"rendered":"<p>Asociaci\u00f3n Educaci\u00f3n es una entidad sin fines de lucro cuya [&hellip;]<\/p>\n","protected":false},"author":1,"featured_media":0,"parent":12,"menu_order":1,"comment_status":"closed","ping_status":"closed","template":"","meta":{"om_disable_all_campaigns":false,"_monsterinsights_skip_tracking":false,"_monsterinsights_sitenote_active":false,"_monsterinsights_sitenote_note":"","_monsterinsights_sitenote_category":0,"footnotes":""},"class_list":["post-14","page","type-page","status-publish","hentry"],"jetpack_sharing_enabled":true,"_links":{"self":[{"href":"https:\/\/asociacioneducacion.org\/wpress1\/wp-json\/wp\/v2\/pages\/14","targetHints":{"allow":["GET"]}}],"collection":[{"href":"https:\/\/asociacioneducacion.org\/wpress1\/wp-json\/wp\/v2\/pages"}],"about":[{"href":"https:\/\/asociacioneducacion.org\/wpress1\/wp-json\/wp\/v2\/types\/page"}],"author":[{"embeddable":true,"href":"https:\/\/asociacioneducacion.org\/wpress1\/wp-json\/wp\/v2\/users\/1"}],"replies":[{"embeddable":true,"href":"https:\/\/asociacioneducacion.org\/wpress1\/wp-json\/wp\/v2\/comments?post=14"}],"version-history":[{"count":4,"href":"https:\/\/asociacioneducacion.org\/wpress1\/wp-json\/wp\/v2\/pages\/14\/revisions"}],"predecessor-version":[{"id":107,"href":"https:\/\/asociacioneducacion.org\/wpress1\/wp-json\/wp\/v2\/pages\/14\/revisions\/107"}],"up":[{"embeddable":true,"href":"https:\/\/asociacioneducacion.org\/wpress1\/wp-json\/wp\/v2\/pages\/12"}],"wp:attachment":[{"href":"https:\/\/asociacioneducacion.org\/wpress1\/wp-json\/wp\/v2\/media?parent=14"}],"curies":[{"name":"wp","href":"https:\/\/api.w.org\/{rel}","templated":true}]}}