{"id":16,"date":"2019-04-03T19:35:58","date_gmt":"2019-04-03T19:35:58","guid":{"rendered":"http:\/\/asociacioneducacion.org\/wpress1\/?page_id=16"},"modified":"2022-10-17T13:58:47","modified_gmt":"2022-10-17T18:58:47","slug":"directorio","status":"publish","type":"page","link":"https:\/\/asociacioneducacion.org\/wpress1\/quienes-somos\/directorio\/","title":{"rendered":"Directorio"},"content":{"rendered":"<body><p><div class=\"fusion-fullwidth fullwidth-box fusion-builder-row-1 nonhundred-percent-fullwidth non-hundred-percent-height-scrolling\" style=\"background-color: rgba(255,255,255,0);background-position: center center;background-repeat: no-repeat;padding-top:0px;padding-right:0px;padding-bottom:0px;padding-left:0px;margin-bottom: 0px;margin-top: 0px;border-width: 0px 0px 0px 0px;border-color:#eae9e9;border-style:solid;\" ><div class=\"fusion-builder-row fusion-row\"><div class=\"fusion-layout-column fusion_builder_column fusion-builder-column-0 fusion_builder_column_1_1 1_1 fusion-one-full fusion-column-first fusion-column-last\" style=\"margin-top:0px;margin-bottom:0px;\"><div class=\"fusion-column-wrapper fusion-flex-column-wrapper-legacy\" style=\"background-position:left top;background-repeat:no-repeat;-webkit-background-size:cover;-moz-background-size:cover;-o-background-size:cover;background-size:cover;padding: 0px 0px 0px 0px;\"><div class=\"fusion-text fusion-text-1\"><p>El directorio actual de la Asociaci\u00f3n Educaci\u00f3n est\u00e1 conformado por:<\/p>\n<\/div><div class=\"fusion-clearfix\"><\/div><\/div><\/div><\/div><\/div><div class=\"fusion-fullwidth fullwidth-box fusion-builder-row-2 nonhundred-percent-fullwidth non-hundred-percent-height-scrolling\" style=\"background-color: rgba(255,255,255,0);background-position: center center;background-repeat: no-repeat;padding-top:0px;padding-right:0px;padding-bottom:0px;padding-left:0px;margin-bottom: 0px;margin-top: 0px;border-width: 0px 0px 0px 0px;border-color:#eae9e9;border-style:solid;\" ><div class=\"fusion-builder-row fusion-row\"><div class=\"fusion-layout-column fusion_builder_column fusion-builder-column-1 fusion_builder_column_1_3 1_3 fusion-one-third fusion-column-first\" style=\"width:33.333333333333%;width:calc(33.333333333333% - ( ( 4% + 4% ) * 0.33333333333333 ) );margin-right: 4%;margin-top:0px;margin-bottom:20px;\"><div class=\"fusion-column-wrapper fusion-flex-column-wrapper-legacy\" style=\"background-position:left top;background-repeat:no-repeat;-webkit-background-size:cover;-moz-background-size:cover;-o-background-size:cover;background-size:cover;padding: 0px 0px 0px 0px;\"><div class=\"fusion-person person fusion-person-left fusion-person-1 fusion-person-icon-top\"><div class=\"person-shortcode-image-wrapper\"><div class=\"person-image-container hover-type-zoomin dropshadow\" style=\"border:0px solid #f6f6f6;-webkit-box-shadow: 3px 3px 7px rgba(0,0,0,0.3);box-shadow: 3px 3px 7px rgba(0,0,0,0.3);-webkit-border-radius:0px;-moz-border-radius:0px;border-radius:0px;\"><img data-recalc-dims=\"1\" decoding=\"async\" class=\"person-img img-responsive wp-image-153\" width=\"300\" height=\"300\" src=\"https:\/\/i0.wp.com\/asociacioneducacion.org\/wpress1\/wp-content\/uploads\/2019\/04\/Directores-Jan-Mulder-Panas.jpg?resize=300%2C300\" alt=\"Jan Mulder Panas\" srcset=\"https:\/\/i0.wp.com\/asociacioneducacion.org\/wpress1\/wp-content\/uploads\/2019\/04\/Directores-Jan-Mulder-Panas.jpg?resize=66%2C66&amp;ssl=1 66w, https:\/\/i0.wp.com\/asociacioneducacion.org\/wpress1\/wp-content\/uploads\/2019\/04\/Directores-Jan-Mulder-Panas.jpg?resize=150%2C150&amp;ssl=1 150w, https:\/\/i0.wp.com\/asociacioneducacion.org\/wpress1\/wp-content\/uploads\/2019\/04\/Directores-Jan-Mulder-Panas.jpg?resize=200%2C200&amp;ssl=1 200w, https:\/\/i0.wp.com\/asociacioneducacion.org\/wpress1\/wp-content\/uploads\/2019\/04\/Directores-Jan-Mulder-Panas.jpg?fit=300%2C300&amp;ssl=1 300w\" sizes=\"(max-width: 800px) 100vw, 300px\" \/><\/div><\/div><div class=\"person-desc\"><div class=\"person-author\"><div class=\"person-author-wrapper\"><span class=\"person-name\">Jan Mulder Panas<\/span><span class=\"person-title\">Presidente<\/span><\/div><\/div><div class=\"person-content fusion-clearfix\">Bachiller en Periodismo y Administraci\u00f3n por la Universidad de Boston, Massachussets. Es Presidente del Centro de la Fotograf\u00eda, Director de Productos Sancela del Per\u00fa SA, Director del Banco Financiero del Per\u00fa y de varias empresas del Grupo Quicorp SA, donde ha desempe\u00f1ado diversos cargos gerenciales en las empresas del Grupo. Ha sido ex Presidente y promotor de diversas instituciones gremiales, entre otras, la C\u00e1mara de Comercio de Lima, Comex Per\u00fa, CONFIEP, CEAL y de diversas instituciones culturales en el Per\u00fa.<\/div><\/div><\/div><div class=\"fusion-clearfix\"><\/div><\/div><\/div><div class=\"fusion-layout-column fusion_builder_column fusion-builder-column-2 fusion_builder_column_1_3 1_3 fusion-one-third\" style=\"width:33.333333333333%;width:calc(33.333333333333% - ( ( 4% + 4% ) * 0.33333333333333 ) );margin-right: 4%;margin-top:0px;margin-bottom:20px;\"><div class=\"fusion-column-wrapper fusion-flex-column-wrapper-legacy\" style=\"background-position:left top;background-repeat:no-repeat;-webkit-background-size:cover;-moz-background-size:cover;-o-background-size:cover;background-size:cover;padding: 0px 0px 0px 0px;\"><div class=\"fusion-person person fusion-person-left fusion-person-2 fusion-person-icon-top\"><div class=\"person-shortcode-image-wrapper\"><div class=\"person-image-container hover-type-zoomin dropshadow\" style=\"border:0px solid #f6f6f6;-webkit-box-shadow: 3px 3px 7px rgba(0,0,0,0.3);box-shadow: 3px 3px 7px rgba(0,0,0,0.3);-webkit-border-radius:0px;-moz-border-radius:0px;border-radius:0px;\"><img data-recalc-dims=\"1\" decoding=\"async\" class=\"person-img img-responsive wp-image-187\" width=\"300\" height=\"300\" src=\"https:\/\/i0.wp.com\/asociacioneducacion.org\/wpress1\/wp-content\/uploads\/2022\/10\/miembros-nancy-vega300.jpg?resize=300%2C300\" alt=\"Nancy Vega\" srcset=\"https:\/\/i0.wp.com\/asociacioneducacion.org\/wpress1\/wp-content\/uploads\/2022\/10\/miembros-nancy-vega300.jpg?resize=66%2C66&amp;ssl=1 66w, https:\/\/i0.wp.com\/asociacioneducacion.org\/wpress1\/wp-content\/uploads\/2022\/10\/miembros-nancy-vega300.jpg?resize=150%2C150&amp;ssl=1 150w, https:\/\/i0.wp.com\/asociacioneducacion.org\/wpress1\/wp-content\/uploads\/2022\/10\/miembros-nancy-vega300.jpg?resize=200%2C200&amp;ssl=1 200w, https:\/\/i0.wp.com\/asociacioneducacion.org\/wpress1\/wp-content\/uploads\/2022\/10\/miembros-nancy-vega300.jpg?fit=300%2C300&amp;ssl=1 300w\" sizes=\"(max-width: 800px) 100vw, 300px\" \/><\/div><\/div><div class=\"person-desc\"><div class=\"person-author\"><div class=\"person-author-wrapper\"><span class=\"person-name\">Nancy Vega<\/span><span class=\"person-title\">Vicepresidente<\/span><\/div><\/div><div class=\"person-content fusion-clearfix\">Licenciada en Ciencias de la Comunicaci\u00f3n por la Universidad de Lima con especializaci\u00f3n en Gesti\u00f3n de la Innovaci\u00f3n por la PUCP.<br>\nDirige una consultora en comunicaci\u00f3n digital corporativa y asesora empresas en el dise\u00f1o y modelado de productos innovadores.<\/div><\/div><\/div><div class=\"fusion-clearfix\"><\/div><\/div><\/div><div class=\"fusion-layout-column fusion_builder_column fusion-builder-column-3 fusion_builder_column_1_3 1_3 fusion-one-third fusion-column-last\" style=\"width:33.333333333333%;width:calc(33.333333333333% - ( ( 4% + 4% ) * 0.33333333333333 ) );margin-top:0px;margin-bottom:20px;\"><div class=\"fusion-column-wrapper fusion-flex-column-wrapper-legacy\" style=\"background-position:left top;background-repeat:no-repeat;-webkit-background-size:cover;-moz-background-size:cover;-o-background-size:cover;background-size:cover;padding: 0px 0px 0px 0px;\"><div class=\"fusion-person person fusion-person-left fusion-person-3 fusion-person-icon-top\"><div class=\"person-shortcode-image-wrapper\"><div class=\"person-image-container hover-type-zoomin dropshadow\" style=\"border:0px solid #f6f6f6;-webkit-box-shadow: 3px 3px 7px rgba(0,0,0,0.3);box-shadow: 3px 3px 7px rgba(0,0,0,0.3);-webkit-border-radius:0px;-moz-border-radius:0px;border-radius:0px;\"><img data-recalc-dims=\"1\" decoding=\"async\" class=\"person-img img-responsive wp-image-155\" width=\"300\" height=\"300\" src=\"https:\/\/i0.wp.com\/asociacioneducacion.org\/wpress1\/wp-content\/uploads\/2019\/04\/Directores-Bertha-Aspillaga-2.jpg?resize=300%2C300\" alt=\"Bertha Aspillaga\" srcset=\"https:\/\/i0.wp.com\/asociacioneducacion.org\/wpress1\/wp-content\/uploads\/2019\/04\/Directores-Bertha-Aspillaga-2.jpg?resize=66%2C66&amp;ssl=1 66w, https:\/\/i0.wp.com\/asociacioneducacion.org\/wpress1\/wp-content\/uploads\/2019\/04\/Directores-Bertha-Aspillaga-2.jpg?resize=150%2C150&amp;ssl=1 150w, https:\/\/i0.wp.com\/asociacioneducacion.org\/wpress1\/wp-content\/uploads\/2019\/04\/Directores-Bertha-Aspillaga-2.jpg?resize=200%2C200&amp;ssl=1 200w, https:\/\/i0.wp.com\/asociacioneducacion.org\/wpress1\/wp-content\/uploads\/2019\/04\/Directores-Bertha-Aspillaga-2.jpg?fit=300%2C300&amp;ssl=1 300w\" sizes=\"(max-width: 800px) 100vw, 300px\" \/><\/div><\/div><div class=\"person-desc\"><div class=\"person-author\"><div class=\"person-author-wrapper\"><span class=\"person-name\">Bertha Aspillaga<\/span><span class=\"person-title\">Miembro<\/span><\/div><\/div><div class=\"person-content fusion-clearfix\">Bertha Banchero de Asp\u00edllaga. Bachiller en Historia de la Pontificia Universidad Cat\u00f3lica del Per\u00fa. Administradora del programa de 1996 al 2020.<\/div><\/div><\/div><div class=\"fusion-clearfix\"><\/div><\/div><\/div><\/div><\/div><div class=\"fusion-fullwidth fullwidth-box fusion-builder-row-3 nonhundred-percent-fullwidth non-hundred-percent-height-scrolling\" style=\"background-color: rgba(255,255,255,0);background-position: center center;background-repeat: no-repeat;padding-top:0px;padding-right:0px;padding-bottom:0px;padding-left:0px;margin-bottom: 0px;margin-top: 0px;border-width: 0px 0px 0px 0px;border-color:#eae9e9;border-style:solid;\" ><div class=\"fusion-builder-row fusion-row\"><div class=\"fusion-layout-column fusion_builder_column fusion-builder-column-4 fusion_builder_column_1_4 1_4 fusion-one-fourth fusion-column-first\" style=\"width:25%;width:calc(25% - ( ( 4% + 4% + 4% ) * 0.25 ) );margin-right: 4%;margin-top:0px;margin-bottom:20px;\"><div class=\"fusion-column-wrapper fusion-flex-column-wrapper-legacy\" style=\"background-position:left top;background-repeat:no-repeat;-webkit-background-size:cover;-moz-background-size:cover;-o-background-size:cover;background-size:cover;padding: 0px 0px 0px 0px;\"><div class=\"fusion-person person fusion-person-left fusion-person-4 fusion-person-icon-top\"><div class=\"person-shortcode-image-wrapper\"><div class=\"person-image-container hover-type-zoomin dropshadow\" style=\"border:0px solid #f6f6f6;-webkit-box-shadow: 3px 3px 7px rgba(0,0,0,0.3);box-shadow: 3px 3px 7px rgba(0,0,0,0.3);-webkit-border-radius:0px;-moz-border-radius:0px;border-radius:0px;\"><img data-recalc-dims=\"1\" decoding=\"async\" class=\"person-img img-responsive wp-image-160\" width=\"320\" height=\"320\" src=\"https:\/\/i0.wp.com\/asociacioneducacion.org\/wpress1\/wp-content\/uploads\/2019\/04\/miembros-Claudine-Gruenberg.jpg?resize=320%2C320\" alt=\"Claudine Gruenberg\" srcset=\"https:\/\/i0.wp.com\/asociacioneducacion.org\/wpress1\/wp-content\/uploads\/2019\/04\/miembros-Claudine-Gruenberg.jpg?resize=66%2C66&amp;ssl=1 66w, https:\/\/i0.wp.com\/asociacioneducacion.org\/wpress1\/wp-content\/uploads\/2019\/04\/miembros-Claudine-Gruenberg.jpg?resize=150%2C150&amp;ssl=1 150w, https:\/\/i0.wp.com\/asociacioneducacion.org\/wpress1\/wp-content\/uploads\/2019\/04\/miembros-Claudine-Gruenberg.jpg?resize=200%2C200&amp;ssl=1 200w, https:\/\/i0.wp.com\/asociacioneducacion.org\/wpress1\/wp-content\/uploads\/2019\/04\/miembros-Claudine-Gruenberg.jpg?resize=300%2C300&amp;ssl=1 300w, https:\/\/i0.wp.com\/asociacioneducacion.org\/wpress1\/wp-content\/uploads\/2019\/04\/miembros-Claudine-Gruenberg.jpg?fit=320%2C320&amp;ssl=1 320w\" sizes=\"(max-width: 800px) 100vw, 320px\" \/><\/div><\/div><div class=\"person-desc\"><div class=\"person-author\"><div class=\"person-author-wrapper\"><span class=\"person-name\">Claudine Gruenberg<\/span><span class=\"person-title\">Miembro <\/span><\/div><\/div><div class=\"person-content fusion-clearfix\">Licenciada en Historiadora del Arte por la Universidad Complutense de Madrid y MBA por el Instituto de Empresa, Madrid.<br>\nSe dedica a la direcci\u00f3n y edici\u00f3n de proyectos en el rubro de arte y cultura. Es miembro del Directorio de Sindicato Energ\u00e9tico SA.<\/div><\/div><\/div><div class=\"fusion-clearfix\"><\/div><\/div><\/div><div class=\"fusion-layout-column fusion_builder_column fusion-builder-column-5 fusion_builder_column_1_4 1_4 fusion-one-fourth\" style=\"width:25%;width:calc(25% - ( ( 4% + 4% + 4% ) * 0.25 ) );margin-right: 4%;margin-top:0px;margin-bottom:20px;\"><div class=\"fusion-column-wrapper fusion-flex-column-wrapper-legacy\" style=\"background-position:left top;background-repeat:no-repeat;-webkit-background-size:cover;-moz-background-size:cover;-o-background-size:cover;background-size:cover;padding: 0px 0px 0px 0px;\"><div class=\"fusion-person person fusion-person-left fusion-person-5 fusion-person-icon-top\"><div class=\"person-shortcode-image-wrapper\"><div class=\"person-image-container hover-type-zoomin dropshadow\" style=\"border:0px solid #f6f6f6;-webkit-box-shadow: 3px 3px 7px rgba(0,0,0,0.3);box-shadow: 3px 3px 7px rgba(0,0,0,0.3);-webkit-border-radius:0px;-moz-border-radius:0px;border-radius:0px;\"><img data-recalc-dims=\"1\" decoding=\"async\" class=\"person-img img-responsive wp-image-185\" width=\"320\" height=\"320\" src=\"https:\/\/i0.wp.com\/asociacioneducacion.org\/wpress1\/wp-content\/uploads\/2022\/10\/pamela-ortiz-320.jpg?resize=320%2C320\" alt=\"Pamela Ortiz\" srcset=\"https:\/\/i0.wp.com\/asociacioneducacion.org\/wpress1\/wp-content\/uploads\/2022\/10\/pamela-ortiz-320.jpg?resize=66%2C66&amp;ssl=1 66w, https:\/\/i0.wp.com\/asociacioneducacion.org\/wpress1\/wp-content\/uploads\/2022\/10\/pamela-ortiz-320.jpg?resize=150%2C150&amp;ssl=1 150w, https:\/\/i0.wp.com\/asociacioneducacion.org\/wpress1\/wp-content\/uploads\/2022\/10\/pamela-ortiz-320.jpg?resize=200%2C200&amp;ssl=1 200w, https:\/\/i0.wp.com\/asociacioneducacion.org\/wpress1\/wp-content\/uploads\/2022\/10\/pamela-ortiz-320.jpg?resize=300%2C300&amp;ssl=1 300w, https:\/\/i0.wp.com\/asociacioneducacion.org\/wpress1\/wp-content\/uploads\/2022\/10\/pamela-ortiz-320.jpg?fit=320%2C320&amp;ssl=1 320w\" sizes=\"(max-width: 800px) 100vw, 320px\" \/><\/div><\/div><div class=\"person-desc\"><div class=\"person-author\"><div class=\"person-author-wrapper\"><span class=\"person-name\">Pamela Ortiz<\/span><span class=\"person-title\">Miembro <\/span><\/div><\/div><div class=\"person-content fusion-clearfix\">Bachiller en Ingenier\u00eda Industrial por la PUCP con especializaci\u00f3n en Finanzas en la Universidad del Pac\u00edfico. Lider\u00f3 equipos de planeamiento financiero y gesti\u00f3n de ingresos en Alicorp. Actualmente es Gerente Corporativo de Trade Marketing en Backus a cargo de desarrollar las innovaciones y el planeamiento comercial.<\/div><\/div><\/div><div class=\"fusion-clearfix\"><\/div><\/div><\/div><div class=\"fusion-layout-column fusion_builder_column fusion-builder-column-6 fusion_builder_column_1_4 1_4 fusion-one-fourth\" style=\"width:25%;width:calc(25% - ( ( 4% + 4% + 4% ) * 0.25 ) );margin-right: 4%;margin-top:0px;margin-bottom:20px;\"><div class=\"fusion-column-wrapper fusion-flex-column-wrapper-legacy\" style=\"background-position:left top;background-repeat:no-repeat;-webkit-background-size:cover;-moz-background-size:cover;-o-background-size:cover;background-size:cover;padding: 0px 0px 0px 0px;\"><div class=\"fusion-person person fusion-person-left fusion-person-6 fusion-person-icon-top\"><div class=\"person-shortcode-image-wrapper\"><div class=\"person-image-container hover-type-zoomin dropshadow\" style=\"border:0px solid #f6f6f6;-webkit-box-shadow: 3px 3px 7px rgba(0,0,0,0.3);box-shadow: 3px 3px 7px rgba(0,0,0,0.3);-webkit-border-radius:0px;-moz-border-radius:0px;border-radius:0px;\"><img data-recalc-dims=\"1\" decoding=\"async\" class=\"person-img img-responsive wp-image-162\" width=\"320\" height=\"320\" src=\"https:\/\/i0.wp.com\/asociacioneducacion.org\/wpress1\/wp-content\/uploads\/2019\/04\/miembros-Paul-Mulder.jpg?resize=320%2C320\" alt=\"Paul Mulder\" srcset=\"https:\/\/i0.wp.com\/asociacioneducacion.org\/wpress1\/wp-content\/uploads\/2019\/04\/miembros-Paul-Mulder.jpg?resize=66%2C66&amp;ssl=1 66w, https:\/\/i0.wp.com\/asociacioneducacion.org\/wpress1\/wp-content\/uploads\/2019\/04\/miembros-Paul-Mulder.jpg?resize=150%2C150&amp;ssl=1 150w, https:\/\/i0.wp.com\/asociacioneducacion.org\/wpress1\/wp-content\/uploads\/2019\/04\/miembros-Paul-Mulder.jpg?resize=200%2C200&amp;ssl=1 200w, https:\/\/i0.wp.com\/asociacioneducacion.org\/wpress1\/wp-content\/uploads\/2019\/04\/miembros-Paul-Mulder.jpg?resize=300%2C300&amp;ssl=1 300w, https:\/\/i0.wp.com\/asociacioneducacion.org\/wpress1\/wp-content\/uploads\/2019\/04\/miembros-Paul-Mulder.jpg?fit=320%2C320&amp;ssl=1 320w\" sizes=\"(max-width: 800px) 100vw, 320px\" \/><\/div><\/div><div class=\"person-desc\"><div class=\"person-author\"><div class=\"person-author-wrapper\"><span class=\"person-name\">Paul Mulder<\/span><span class=\"person-title\">Miembro<\/span><\/div><\/div><div class=\"person-content fusion-clearfix\">Es bachiller en econom\u00eda de la Universidad de Emory y MBA en INSEAD. Ha formado parte del equipo que desarroll\u00f3 el brazo de banca de inversi\u00f3n de HSBC en Per\u00fa. Es miembro de YPO, cofundador de dos start ups y Gerente de Finanzas Corporativas de Quicorp.<\/div><\/div><\/div><div class=\"fusion-clearfix\"><\/div><\/div><\/div><div class=\"fusion-layout-column fusion_builder_column fusion-builder-column-7 fusion_builder_column_1_4 1_4 fusion-one-fourth fusion-column-last\" style=\"width:25%;width:calc(25% - ( ( 4% + 4% + 4% ) * 0.25 ) );margin-top:0px;margin-bottom:20px;\"><div class=\"fusion-column-wrapper fusion-flex-column-wrapper-legacy\" style=\"background-position:left top;background-repeat:no-repeat;-webkit-background-size:cover;-moz-background-size:cover;-o-background-size:cover;background-size:cover;padding: 0px 0px 0px 0px;\"><div class=\"fusion-person person fusion-person-left fusion-person-7 fusion-person-icon-top\"><div class=\"person-shortcode-image-wrapper\"><div class=\"person-image-container hover-type-zoomin dropshadow\" style=\"border:0px solid #f6f6f6;-webkit-box-shadow: 3px 3px 7px rgba(0,0,0,0.3);box-shadow: 3px 3px 7px rgba(0,0,0,0.3);-webkit-border-radius:0px;-moz-border-radius:0px;border-radius:0px;\"><img data-recalc-dims=\"1\" decoding=\"async\" class=\"person-img img-responsive wp-image-163\" width=\"320\" height=\"320\" src=\"https:\/\/i0.wp.com\/asociacioneducacion.org\/wpress1\/wp-content\/uploads\/2019\/04\/miembros-Pedro-Crisostomo.jpg?resize=320%2C320\" alt=\"Pedro Crisostomo\" srcset=\"https:\/\/i0.wp.com\/asociacioneducacion.org\/wpress1\/wp-content\/uploads\/2019\/04\/miembros-Pedro-Crisostomo.jpg?resize=66%2C66&amp;ssl=1 66w, https:\/\/i0.wp.com\/asociacioneducacion.org\/wpress1\/wp-content\/uploads\/2019\/04\/miembros-Pedro-Crisostomo.jpg?resize=150%2C150&amp;ssl=1 150w, https:\/\/i0.wp.com\/asociacioneducacion.org\/wpress1\/wp-content\/uploads\/2019\/04\/miembros-Pedro-Crisostomo.jpg?resize=200%2C200&amp;ssl=1 200w, https:\/\/i0.wp.com\/asociacioneducacion.org\/wpress1\/wp-content\/uploads\/2019\/04\/miembros-Pedro-Crisostomo.jpg?resize=300%2C300&amp;ssl=1 300w, https:\/\/i0.wp.com\/asociacioneducacion.org\/wpress1\/wp-content\/uploads\/2019\/04\/miembros-Pedro-Crisostomo.jpg?fit=320%2C320&amp;ssl=1 320w\" sizes=\"(max-width: 800px) 100vw, 320px\" \/><\/div><\/div><div class=\"person-desc\"><div class=\"person-author\"><div class=\"person-author-wrapper\"><span class=\"person-name\">Pedro Crisostomo<\/span><span class=\"person-title\">Miembro <\/span><\/div><\/div><div class=\"person-content fusion-clearfix\">Docente e investigador dedicado a innovaciones tecnol\u00f3gicas en proyectos con impacto social. Ingeniero electr\u00f3nico PUCP con maestr\u00eda en Computer Science UIUC.<\/div><\/div><\/div><div class=\"fusion-clearfix\"><\/div><\/div><\/div><\/div><\/div><\/p>\n<\/body>","protected":false},"excerpt":{"rendered":"","protected":false},"author":1,"featured_media":0,"parent":12,"menu_order":2,"comment_status":"closed","ping_status":"closed","template":"","meta":{"om_disable_all_campaigns":false,"_monsterinsights_skip_tracking":false,"_monsterinsights_sitenote_active":false,"_monsterinsights_sitenote_note":"","_monsterinsights_sitenote_category":0,"footnotes":""},"class_list":["post-16","page","type-page","status-publish","hentry"],"jetpack_sharing_enabled":true,"_links":{"self":[{"href":"https:\/\/asociacioneducacion.org\/wpress1\/wp-json\/wp\/v2\/pages\/16","targetHints":{"allow":["GET"]}}],"collection":[{"href":"https:\/\/asociacioneducacion.org\/wpress1\/wp-json\/wp\/v2\/pages"}],"about":[{"href":"https:\/\/asociacioneducacion.org\/wpress1\/wp-json\/wp\/v2\/types\/page"}],"author":[{"embeddable":true,"href":"https:\/\/asociacioneducacion.org\/wpress1\/wp-json\/wp\/v2\/users\/1"}],"replies":[{"embeddable":true,"href":"https:\/\/asociacioneducacion.org\/wpress1\/wp-json\/wp\/v2\/comments?post=16"}],"version-history":[{"count":13,"href":"https:\/\/asociacioneducacion.org\/wpress1\/wp-json\/wp\/v2\/pages\/16\/revisions"}],"predecessor-version":[{"id":189,"href":"https:\/\/asociacioneducacion.org\/wpress1\/wp-json\/wp\/v2\/pages\/16\/revisions\/189"}],"up":[{"embeddable":true,"href":"https:\/\/asociacioneducacion.org\/wpress1\/wp-json\/wp\/v2\/pages\/12"}],"wp:attachment":[{"href":"https:\/\/asociacioneducacion.org\/wpress1\/wp-json\/wp\/v2\/media?parent=16"}],"curies":[{"name":"wp","href":"https:\/\/api.w.org\/{rel}","templated":true}]}}