{"id":18,"date":"2019-04-03T19:36:58","date_gmt":"2019-04-03T19:36:58","guid":{"rendered":"http:\/\/asociacioneducacion.org\/wpress1\/?page_id=18"},"modified":"2019-04-03T20:42:53","modified_gmt":"2019-04-04T01:42:53","slug":"becarios","status":"publish","type":"page","link":"https:\/\/asociacioneducacion.org\/wpress1\/quienes-somos\/becarios\/","title":{"rendered":"Becarios"},"content":{"rendered":"<body><p><div class=\"fusion-fullwidth fullwidth-box fusion-builder-row-1 nonhundred-percent-fullwidth non-hundred-percent-height-scrolling\" style=\"background-color: rgba(255,255,255,0);background-position: center center;background-repeat: no-repeat;padding-top:0px;padding-right:0px;padding-bottom:0px;padding-left:0px;margin-bottom: 0px;margin-top: 0px;border-width: 0px 0px 0px 0px;border-color:#eae9e9;border-style:solid;\" ><div class=\"fusion-builder-row fusion-row\"><div class=\"fusion-layout-column fusion_builder_column fusion-builder-column-0 fusion_builder_column_1_1 1_1 fusion-one-full fusion-column-first fusion-column-last\" style=\"margin-top:0px;margin-bottom:0px;\"><div class=\"fusion-column-wrapper fusion-flex-column-wrapper-legacy\" style=\"background-position:left top;background-repeat:no-repeat;-webkit-background-size:cover;-moz-background-size:cover;-o-background-size:cover;background-size:cover;padding: 0px 0px 0px 0px;\"><div class=\"fusion-clearfix\"><\/div><\/div><\/div><\/div><\/div><div class=\"fusion-fullwidth fullwidth-box fusion-builder-row-2 nonhundred-percent-fullwidth non-hundred-percent-height-scrolling\" style=\"background-color: rgba(255,255,255,0);background-position: center center;background-repeat: no-repeat;padding-top:0px;padding-right:0px;padding-bottom:0px;padding-left:0px;margin-bottom: 0px;margin-top: 0px;border-width: 0px 0px 0px 0px;border-color:#eae9e9;border-style:solid;\" ><div class=\"fusion-builder-row fusion-row\"><div class=\"fusion-layout-column fusion_builder_column fusion-builder-column-1 fusion_builder_column_2_3 2_3 fusion-two-third fusion-column-first\" style=\"width:66.666666666667%;width:calc(66.666666666667% - ( ( 4% ) * 0.66666666666667 ) );margin-right: 4%;margin-top:0px;margin-bottom:20px;\"><div class=\"fusion-column-wrapper fusion-flex-column-wrapper-legacy\" style=\"background-position:left top;background-repeat:no-repeat;-webkit-background-size:cover;-moz-background-size:cover;-o-background-size:cover;background-size:cover;padding: 0px 0px 0px 0px;\"><div class=\"fusion-text fusion-text-1\"><p>La Asociaci\u00f3n Educaci\u00f3n est\u00e1 muy complacida porque nuestros becarios peruanos est\u00e1n logrando muchos \u00e9xitos profesionales. Los tenemos en diversas empresas privadas e instituciones del Estado en todo el pa\u00eds, as\u00ed como algunos en el extranjero. Tambi\u00e9n contamos con docentes, investigadores y emprendedores que han iniciado sus propias empresas.<\/p>\n<p>Estas dos d\u00e9cadas de apoyo han sido la base para la formaci\u00f3n de una gran red profesional multidisciplinaria, \u201cCompartiendo Caminos\u201d, de cientos de profesionales con valores, \u00e9tica y excelencia. Este grupo re\u00fane experiencia, talento y juventud, y es un espacio donde los becarios egresados y estudiantes comparten ideas y experiencias, desarrollan proyectos y colaboran entre s\u00ed para su crecimiento personal y profesional.<\/p>\n<p>Al 2017 contamos con 767 becarios, de los cuales 629 son egresados y 138 estudiantes.<\/p>\n<\/div><div class=\"fusion-clearfix\"><\/div><\/div><\/div><div class=\"fusion-layout-column fusion_builder_column fusion-builder-column-2 fusion_builder_column_1_3 1_3 fusion-one-third fusion-column-last\" style=\"width:33.333333333333%;width:calc(33.333333333333% - ( ( 4% ) * 0.33333333333333 ) );margin-top:0px;margin-bottom:20px;\"><div class=\"fusion-column-wrapper fusion-flex-column-wrapper-legacy\" style=\"background-position:left top;background-repeat:no-repeat;-webkit-background-size:cover;-moz-background-size:cover;-o-background-size:cover;background-size:cover;padding: 0px 0px 0px 0px;\"><div class=\"imageframe-align-center\"><span class=\" fusion-imageframe imageframe-none imageframe-1 hover-type-none\"><img data-recalc-dims=\"1\" decoding=\"async\" width=\"300\" height=\"300\" title=\"SONY DSC\" src=\"https:\/\/i0.wp.com\/asociacioneducacion.org\/wpress1\/wp-content\/uploads\/2019\/04\/becaria-vanessa-300x300.jpg?resize=300%2C300\" class=\"img-responsive wp-image-98\" srcset=\"https:\/\/i0.wp.com\/asociacioneducacion.org\/wpress1\/wp-content\/uploads\/2019\/04\/becaria-vanessa-300x300.jpg?resize=66%2C66&amp;ssl=1 66w, https:\/\/i0.wp.com\/asociacioneducacion.org\/wpress1\/wp-content\/uploads\/2019\/04\/becaria-vanessa-300x300.jpg?resize=150%2C150&amp;ssl=1 150w, https:\/\/i0.wp.com\/asociacioneducacion.org\/wpress1\/wp-content\/uploads\/2019\/04\/becaria-vanessa-300x300.jpg?resize=200%2C200&amp;ssl=1 200w, https:\/\/i0.wp.com\/asociacioneducacion.org\/wpress1\/wp-content\/uploads\/2019\/04\/becaria-vanessa-300x300.jpg?fit=300%2C300&amp;ssl=1 300w\" sizes=\"(max-width: 800px) 100vw, 300px\" \/><\/span><\/div><div class=\"fusion-text fusion-text-2\"><p style=\"text-align: center;\">Vanessa Farias, ingeniera industrial.<\/p>\n<\/div><div class=\"imageframe-align-center\"><span class=\" fusion-imageframe imageframe-none imageframe-2 hover-type-none\"><img data-recalc-dims=\"1\" decoding=\"async\" width=\"300\" height=\"300\" title=\"SONY DSC\" src=\"https:\/\/i0.wp.com\/asociacioneducacion.org\/wpress1\/wp-content\/uploads\/2019\/04\/becario-zimic-300x300.jpg?resize=300%2C300\" class=\"img-responsive wp-image-99\" srcset=\"https:\/\/i0.wp.com\/asociacioneducacion.org\/wpress1\/wp-content\/uploads\/2019\/04\/becario-zimic-300x300.jpg?resize=66%2C66&amp;ssl=1 66w, https:\/\/i0.wp.com\/asociacioneducacion.org\/wpress1\/wp-content\/uploads\/2019\/04\/becario-zimic-300x300.jpg?resize=150%2C150&amp;ssl=1 150w, https:\/\/i0.wp.com\/asociacioneducacion.org\/wpress1\/wp-content\/uploads\/2019\/04\/becario-zimic-300x300.jpg?resize=200%2C200&amp;ssl=1 200w, https:\/\/i0.wp.com\/asociacioneducacion.org\/wpress1\/wp-content\/uploads\/2019\/04\/becario-zimic-300x300.jpg?fit=300%2C300&amp;ssl=1 300w\" sizes=\"(max-width: 800px) 100vw, 300px\" \/><\/span><\/div><div class=\"fusion-text fusion-text-3\"><p style=\"text-align: center;\">Ricardo Zimic, periodista.<\/p>\n<\/div><div class=\"fusion-clearfix\"><\/div><\/div><\/div><\/div><\/div><\/p>\n<\/body>","protected":false},"excerpt":{"rendered":"","protected":false},"author":1,"featured_media":0,"parent":12,"menu_order":3,"comment_status":"closed","ping_status":"closed","template":"","meta":{"om_disable_all_campaigns":false,"_monsterinsights_skip_tracking":false,"_monsterinsights_sitenote_active":false,"_monsterinsights_sitenote_note":"","_monsterinsights_sitenote_category":0,"footnotes":""},"class_list":["post-18","page","type-page","status-publish","hentry"],"jetpack_sharing_enabled":true,"_links":{"self":[{"href":"https:\/\/asociacioneducacion.org\/wpress1\/wp-json\/wp\/v2\/pages\/18","targetHints":{"allow":["GET"]}}],"collection":[{"href":"https:\/\/asociacioneducacion.org\/wpress1\/wp-json\/wp\/v2\/pages"}],"about":[{"href":"https:\/\/asociacioneducacion.org\/wpress1\/wp-json\/wp\/v2\/types\/page"}],"author":[{"embeddable":true,"href":"https:\/\/asociacioneducacion.org\/wpress1\/wp-json\/wp\/v2\/users\/1"}],"replies":[{"embeddable":true,"href":"https:\/\/asociacioneducacion.org\/wpress1\/wp-json\/wp\/v2\/comments?post=18"}],"version-history":[{"count":2,"href":"https:\/\/asociacioneducacion.org\/wpress1\/wp-json\/wp\/v2\/pages\/18\/revisions"}],"predecessor-version":[{"id":100,"href":"https:\/\/asociacioneducacion.org\/wpress1\/wp-json\/wp\/v2\/pages\/18\/revisions\/100"}],"up":[{"embeddable":true,"href":"https:\/\/asociacioneducacion.org\/wpress1\/wp-json\/wp\/v2\/pages\/12"}],"wp:attachment":[{"href":"https:\/\/asociacioneducacion.org\/wpress1\/wp-json\/wp\/v2\/media?parent=18"}],"curies":[{"name":"wp","href":"https:\/\/api.w.org\/{rel}","templated":true}]}}