{"id":24,"date":"2019-04-03T19:41:05","date_gmt":"2019-04-03T19:41:05","guid":{"rendered":"http:\/\/asociacioneducacion.org\/wpress1\/?page_id=24"},"modified":"2019-04-03T19:18:57","modified_gmt":"2019-04-04T00:18:57","slug":"requisitos-para-postular","status":"publish","type":"page","link":"https:\/\/asociacioneducacion.org\/wpress1\/programa-de-apoyo-educativo\/requisitos-para-postular\/","title":{"rendered":"Requisitos para Postular"},"content":{"rendered":"<body><p><div class=\"fusion-fullwidth fullwidth-box fusion-builder-row-1 nonhundred-percent-fullwidth non-hundred-percent-height-scrolling\" style=\"background-color: rgba(255,255,255,0);background-position: center center;background-repeat: no-repeat;padding-top:0px;padding-right:0px;padding-bottom:0px;padding-left:0px;margin-bottom: 0px;margin-top: 0px;border-width: 0px 0px 0px 0px;border-color:#eae9e9;border-style:solid;\" ><div class=\"fusion-builder-row fusion-row\"><div class=\"fusion-layout-column fusion_builder_column fusion-builder-column-0 fusion_builder_column_1_1 1_1 fusion-one-full fusion-column-first fusion-column-last\" style=\"margin-top:0px;margin-bottom:0px;\"><div class=\"fusion-column-wrapper fusion-flex-column-wrapper-legacy\" style=\"background-position:left top;background-repeat:no-repeat;-webkit-background-size:cover;-moz-background-size:cover;-o-background-size:cover;background-size:cover;padding: 0px 0px 0px 0px;\"><div class=\"fusion-text fusion-text-1\"><p>Seleccionamos estudiantes que tengan un alto rendimiento acad\u00e9mico, j\u00f3venes con valores, comprometidos con el pa\u00eds, y que no cuenten con recursos econ\u00f3micos para culminar sus estudios.<\/p>\n<p>Los campos de estudio que se consideran en cada convocatoria deben ser consultados en cada instituci\u00f3n educativa aliada.<\/p>\n<\/div><div class=\"fusion-clearfix\"><\/div><\/div><\/div><\/div><\/div><div class=\"fusion-fullwidth fullwidth-box fusion-builder-row-2 nonhundred-percent-fullwidth non-hundred-percent-height-scrolling\" style=\"background-color: rgba(255,255,255,0);background-position: center center;background-repeat: no-repeat;padding-top:0px;padding-right:0px;padding-bottom:0px;padding-left:0px;margin-bottom: 0px;margin-top: 0px;border-width: 0px 0px 0px 0px;border-color:#eae9e9;border-style:solid;\" ><div class=\"fusion-builder-row fusion-row\"><div class=\"fusion-layout-column fusion_builder_column fusion-builder-column-1 fusion_builder_column_1_2 1_2 fusion-one-half fusion-column-first\" style=\"width:50%;width:calc(50% - ( ( 4% ) * 0.5 ) );margin-right: 4%;margin-top:0px;margin-bottom:20px;\"><div class=\"fusion-column-wrapper fusion-flex-column-wrapper-legacy\" style=\"background-position:left top;background-repeat:no-repeat;-webkit-background-size:cover;-moz-background-size:cover;-o-background-size:cover;background-size:cover;padding: 0px 0px 0px 0px;\"><div class=\"imageframe-align-center\"><span class=\" fusion-imageframe imageframe-none imageframe-1 hover-type-zoomin\"><img data-recalc-dims=\"1\" decoding=\"async\" width=\"300\" height=\"200\" title=\"postular-asociacion-educacion3-300&#215;200\" src=\"https:\/\/i0.wp.com\/asociacioneducacion.org\/wpress1\/wp-content\/uploads\/2019\/04\/postular-asociacion-educacion3-300x200.jpg?resize=300%2C200\" class=\"img-responsive wp-image-87\" srcset=\"https:\/\/i0.wp.com\/asociacioneducacion.org\/wpress1\/wp-content\/uploads\/2019\/04\/postular-asociacion-educacion3-300x200.jpg?resize=200%2C133&amp;ssl=1 200w, https:\/\/i0.wp.com\/asociacioneducacion.org\/wpress1\/wp-content\/uploads\/2019\/04\/postular-asociacion-educacion3-300x200.jpg?fit=300%2C200&amp;ssl=1 300w\" sizes=\"(max-width: 800px) 100vw, 300px\" \/><\/span><\/div><div class=\"fusion-clearfix\"><\/div><\/div><\/div><div class=\"fusion-layout-column fusion_builder_column fusion-builder-column-2 fusion_builder_column_1_2 1_2 fusion-one-half fusion-column-last\" style=\"width:50%;width:calc(50% - ( ( 4% ) * 0.5 ) );margin-top:0px;margin-bottom:20px;\"><div class=\"fusion-column-wrapper fusion-flex-column-wrapper-legacy\" style=\"background-position:left top;background-repeat:no-repeat;-webkit-background-size:cover;-moz-background-size:cover;-o-background-size:cover;background-size:cover;padding: 0px 0px 0px 0px;\"><div class=\"imageframe-align-center\"><span class=\" fusion-imageframe imageframe-none imageframe-2 hover-type-zoomin\"><img data-recalc-dims=\"1\" decoding=\"async\" width=\"300\" height=\"200\" title=\"postular-asociacion-educacion-300&#215;200\" src=\"https:\/\/i0.wp.com\/asociacioneducacion.org\/wpress1\/wp-content\/uploads\/2019\/04\/postular-asociacion-educacion-300x200.jpg?resize=300%2C200\" class=\"img-responsive wp-image-88\" srcset=\"https:\/\/i0.wp.com\/asociacioneducacion.org\/wpress1\/wp-content\/uploads\/2019\/04\/postular-asociacion-educacion-300x200.jpg?resize=200%2C133&amp;ssl=1 200w, https:\/\/i0.wp.com\/asociacioneducacion.org\/wpress1\/wp-content\/uploads\/2019\/04\/postular-asociacion-educacion-300x200.jpg?fit=300%2C200&amp;ssl=1 300w\" sizes=\"(max-width: 800px) 100vw, 300px\" \/><\/span><\/div><div class=\"fusion-clearfix\"><\/div><\/div><\/div><\/div><\/div><\/p>\n<\/body>","protected":false},"excerpt":{"rendered":"","protected":false},"author":1,"featured_media":0,"parent":20,"menu_order":2,"comment_status":"closed","ping_status":"closed","template":"","meta":{"om_disable_all_campaigns":false,"_monsterinsights_skip_tracking":false,"_monsterinsights_sitenote_active":false,"_monsterinsights_sitenote_note":"","_monsterinsights_sitenote_category":0,"footnotes":""},"class_list":["post-24","page","type-page","status-publish","hentry"],"jetpack_sharing_enabled":true,"_links":{"self":[{"href":"https:\/\/asociacioneducacion.org\/wpress1\/wp-json\/wp\/v2\/pages\/24","targetHints":{"allow":["GET"]}}],"collection":[{"href":"https:\/\/asociacioneducacion.org\/wpress1\/wp-json\/wp\/v2\/pages"}],"about":[{"href":"https:\/\/asociacioneducacion.org\/wpress1\/wp-json\/wp\/v2\/types\/page"}],"author":[{"embeddable":true,"href":"https:\/\/asociacioneducacion.org\/wpress1\/wp-json\/wp\/v2\/users\/1"}],"replies":[{"embeddable":true,"href":"https:\/\/asociacioneducacion.org\/wpress1\/wp-json\/wp\/v2\/comments?post=24"}],"version-history":[{"count":3,"href":"https:\/\/asociacioneducacion.org\/wpress1\/wp-json\/wp\/v2\/pages\/24\/revisions"}],"predecessor-version":[{"id":25,"href":"https:\/\/asociacioneducacion.org\/wpress1\/wp-json\/wp\/v2\/pages\/24\/revisions\/25"}],"up":[{"embeddable":true,"href":"https:\/\/asociacioneducacion.org\/wpress1\/wp-json\/wp\/v2\/pages\/20"}],"wp:attachment":[{"href":"https:\/\/asociacioneducacion.org\/wpress1\/wp-json\/wp\/v2\/media?parent=24"}],"curies":[{"name":"wp","href":"https:\/\/api.w.org\/{rel}","templated":true}]}}